{"id":774,"date":"2022-12-09T11:02:09","date_gmt":"2022-12-09T11:02:09","guid":{"rendered":"https:\/\/comerciodetorrelavega.com\/?page_id=774"},"modified":"2025-01-07T18:28:00","modified_gmt":"2025-01-07T18:28:00","slug":"transparencia","status":"publish","type":"page","link":"https:\/\/comerciodetorrelavega.com\/?page_id=774","title":{"rendered":"Transparencia"},"content":{"rendered":"\t\t<div data-elementor-type=\"wp-page\" data-elementor-id=\"774\" class=\"elementor elementor-774\">\n\t\t\t\t\t\t<section class=\"elementor-section elementor-top-section elementor-element elementor-element-7f6e412 elementor-section-boxed elementor-section-height-default elementor-section-height-default\" data-id=\"7f6e412\" data-element_type=\"section\" data-e-type=\"section\">\n\t\t\t\t\t\t<div class=\"elementor-container elementor-column-gap-default\">\n\t\t\t\t\t<div class=\"elementor-column elementor-col-100 elementor-top-column elementor-element elementor-element-fbd764d\" data-id=\"fbd764d\" data-element_type=\"column\" data-e-type=\"column\">\n\t\t\t<div class=\"elementor-widget-wrap elementor-element-populated\">\n\t\t\t\t\t\t<div class=\"elementor-element elementor-element-99d6883 elementor-widget elementor-widget-heading\" data-id=\"99d6883\" data-element_type=\"widget\" data-e-type=\"widget\" data-widget_type=\"heading.default\">\n\t\t\t\t<div class=\"elementor-widget-container\">\n\t\t\t\t\t<h2 class=\"elementor-heading-title elementor-size-default\">Transparencia<\/h2>\t\t\t\t<\/div>\n\t\t\t\t<\/div>\n\t\t\t\t\t<\/div>\n\t\t<\/div>\n\t\t\t\t\t<\/div>\n\t\t<\/section>\n\t\t\t\t<section class=\"elementor-section elementor-top-section elementor-element elementor-element-4473469 elementor-section-boxed elementor-section-height-default elementor-section-height-default\" data-id=\"4473469\" data-element_type=\"section\" data-e-type=\"section\">\n\t\t\t\t\t\t<div class=\"elementor-container elementor-column-gap-default\">\n\t\t\t\t\t<div class=\"elementor-column elementor-col-100 elementor-top-column elementor-element elementor-element-9553ebb\" data-id=\"9553ebb\" data-element_type=\"column\" data-e-type=\"column\">\n\t\t\t<div class=\"elementor-widget-wrap elementor-element-populated\">\n\t\t\t\t\t\t<div class=\"elementor-element elementor-element-eaa9191 elementor-widget elementor-widget-heading\" data-id=\"eaa9191\" data-element_type=\"widget\" data-e-type=\"widget\" data-widget_type=\"heading.default\">\n\t\t\t\t<div class=\"elementor-widget-container\">\n\t\t\t\t\t<h3 class=\"elementor-heading-title elementor-size-default\">Estructura Organizativa<\/h3>\t\t\t\t<\/div>\n\t\t\t\t<\/div>\n\t\t\t\t\t<\/div>\n\t\t<\/div>\n\t\t\t\t\t<\/div>\n\t\t<\/section>\n\t\t\t\t<section class=\"elementor-section elementor-top-section elementor-element elementor-element-afbba67 elementor-section-boxed elementor-section-height-default elementor-section-height-default\" data-id=\"afbba67\" data-element_type=\"section\" data-e-type=\"section\">\n\t\t\t\t\t\t<div class=\"elementor-container elementor-column-gap-default\">\n\t\t\t\t\t<div class=\"elementor-column elementor-col-100 elementor-top-column elementor-element elementor-element-7a94358\" data-id=\"7a94358\" data-element_type=\"column\" data-e-type=\"column\">\n\t\t\t<div class=\"elementor-widget-wrap elementor-element-populated\">\n\t\t\t\t\t\t<div class=\"elementor-element elementor-element-6b5fe33 elementor-widget elementor-widget-text-editor\" data-id=\"6b5fe33\" data-element_type=\"widget\" data-e-type=\"widget\" data-widget_type=\"text-editor.default\">\n\t\t\t\t<div class=\"elementor-widget-container\">\n\t\t\t\t\t\t\t\t\t<ul><li>Documento de no remuneraci\u00f3n de cargos directivos (PDF) &#8211; <a href=\"https:\/\/comerciodetorrelavega.com\/wp-content\/uploads\/2024\/12\/transparenciaCOMVEGA.pdf\">Descarga<\/a><\/li><\/ul>\t\t\t\t\t\t\t\t<\/div>\n\t\t\t\t<\/div>\n\t\t\t\t\t<\/div>\n\t\t<\/div>\n\t\t\t\t\t<\/div>\n\t\t<\/section>\n\t\t\t\t<section class=\"elementor-section elementor-top-section elementor-element elementor-element-6ccade8 elementor-section-boxed elementor-section-height-default elementor-section-height-default\" data-id=\"6ccade8\" data-element_type=\"section\" data-e-type=\"section\">\n\t\t\t\t\t\t<div class=\"elementor-container elementor-column-gap-default\">\n\t\t\t\t\t<div class=\"elementor-column elementor-col-100 elementor-top-column elementor-element elementor-element-98b6ac5\" data-id=\"98b6ac5\" data-element_type=\"column\" data-e-type=\"column\">\n\t\t\t<div class=\"elementor-widget-wrap elementor-element-populated\">\n\t\t\t\t\t\t<div class=\"elementor-element elementor-element-ec824b8 elementor-widget elementor-widget-heading\" data-id=\"ec824b8\" data-element_type=\"widget\" data-e-type=\"widget\" data-widget_type=\"heading.default\">\n\t\t\t\t<div class=\"elementor-widget-container\">\n\t\t\t\t\t<h3 class=\"elementor-heading-title elementor-size-default\">Ayudas y subvenciones<\/h3>\t\t\t\t<\/div>\n\t\t\t\t<\/div>\n\t\t\t\t\t<\/div>\n\t\t<\/div>\n\t\t\t\t\t<\/div>\n\t\t<\/section>\n\t\t\t\t<section class=\"elementor-section elementor-top-section elementor-element elementor-element-ae01f69 elementor-section-boxed elementor-section-height-default elementor-section-height-default\" data-id=\"ae01f69\" data-element_type=\"section\" data-e-type=\"section\">\n\t\t\t\t\t\t<div class=\"elementor-container elementor-column-gap-default\">\n\t\t\t\t\t<div class=\"elementor-column elementor-col-100 elementor-top-column elementor-element elementor-element-e8e0800\" data-id=\"e8e0800\" data-element_type=\"column\" data-e-type=\"column\">\n\t\t\t<div class=\"elementor-widget-wrap elementor-element-populated\">\n\t\t\t\t\t\t<div class=\"elementor-element elementor-element-06de983 elementor-widget elementor-widget-text-editor\" data-id=\"06de983\" data-element_type=\"widget\" data-e-type=\"widget\" data-widget_type=\"text-editor.default\">\n\t\t\t\t<div class=\"elementor-widget-container\">\n\t\t\t\t\t\t\t\t\t<p><strong>Subvenciones a Asociaciones de Comerciantes y sus Federaciones y Confederaciones y Cooperativas de Detallistas, IND\/52\/2024, de 27 de septiembre<\/strong><\/p>\t\t\t\t\t\t\t\t<\/div>\n\t\t\t\t<\/div>\n\t\t\t\t\t<\/div>\n\t\t<\/div>\n\t\t\t\t\t<\/div>\n\t\t<\/section>\n\t\t\t\t<section class=\"elementor-section elementor-top-section elementor-element elementor-element-d5e21f0 elementor-section-boxed elementor-section-height-default elementor-section-height-default\" data-id=\"d5e21f0\" data-element_type=\"section\" data-e-type=\"section\">\n\t\t\t\t\t\t<div class=\"elementor-container elementor-column-gap-default\">\n\t\t\t\t\t<div class=\"elementor-column elementor-col-100 elementor-top-column elementor-element elementor-element-5389573\" data-id=\"5389573\" data-element_type=\"column\" data-e-type=\"column\">\n\t\t\t<div class=\"elementor-widget-wrap elementor-element-populated\">\n\t\t\t\t\t\t<div class=\"elementor-element elementor-element-fbe8230 elementor-widget elementor-widget-text-editor\" data-id=\"fbe8230\" data-element_type=\"widget\" data-e-type=\"widget\" data-widget_type=\"text-editor.default\">\n\t\t\t\t<div class=\"elementor-widget-container\">\n\t\t\t\t\t\t\t\t\t<ul><li><strong>Concedente:<\/strong> Consejer\u00eda de Industria, Empleo, Innovaci\u00f3n y Comercio del Gobierno de Cantabria<\/li><li><strong>Objetivo:<\/strong> Realizaci\u00f3n de actividades de animaci\u00f3n comercial<\/li><li><strong>Plazo de ejecuci\u00f3n:<\/strong> del 6 de octubre de 2023 al 15 de julio de 2024<\/li><li><strong>Importe:<\/strong> 7.317,48 \u20ac (75% de la inversi\u00f3n realizada)<\/li><li>No se han recibido otras ayudas para la realizaci\u00f3n de esta actividad<\/li><\/ul>\t\t\t\t\t\t\t\t<\/div>\n\t\t\t\t<\/div>\n\t\t\t\t\t<\/div>\n\t\t<\/div>\n\t\t\t\t\t<\/div>\n\t\t<\/section>\n\t\t\t\t<section class=\"elementor-section elementor-top-section elementor-element elementor-element-bc7f541 elementor-section-boxed elementor-section-height-default elementor-section-height-default\" data-id=\"bc7f541\" data-element_type=\"section\" data-e-type=\"section\">\n\t\t\t\t\t\t<div class=\"elementor-container elementor-column-gap-default\">\n\t\t\t\t\t<div class=\"elementor-column elementor-col-100 elementor-top-column elementor-element elementor-element-23e64e7\" data-id=\"23e64e7\" data-element_type=\"column\" data-e-type=\"column\">\n\t\t\t<div class=\"elementor-widget-wrap elementor-element-populated\">\n\t\t\t\t\t\t<div class=\"elementor-element elementor-element-a1ca960 elementor-widget elementor-widget-text-editor\" data-id=\"a1ca960\" data-element_type=\"widget\" data-e-type=\"widget\" data-widget_type=\"text-editor.default\">\n\t\t\t\t<div class=\"elementor-widget-container\">\n\t\t\t\t\t\t\t\t\t<p><strong>Subvenciones a Asociaciones de Comerciantes y sus Federaciones y Confederaciones y Cooperativas de Detallistas, IND\/47\/2023, de 2 de junio<\/strong><\/p>\t\t\t\t\t\t\t\t<\/div>\n\t\t\t\t<\/div>\n\t\t\t\t\t<\/div>\n\t\t<\/div>\n\t\t\t\t\t<\/div>\n\t\t<\/section>\n\t\t\t\t<section class=\"elementor-section elementor-top-section elementor-element elementor-element-9ec97a1 elementor-section-boxed elementor-section-height-default elementor-section-height-default\" data-id=\"9ec97a1\" data-element_type=\"section\" data-e-type=\"section\">\n\t\t\t\t\t\t<div class=\"elementor-container elementor-column-gap-default\">\n\t\t\t\t\t<div class=\"elementor-column elementor-col-100 elementor-top-column elementor-element elementor-element-5179008\" data-id=\"5179008\" data-element_type=\"column\" data-e-type=\"column\">\n\t\t\t<div class=\"elementor-widget-wrap elementor-element-populated\">\n\t\t\t\t\t\t<div class=\"elementor-element elementor-element-79378ee elementor-widget elementor-widget-text-editor\" data-id=\"79378ee\" data-element_type=\"widget\" data-e-type=\"widget\" data-widget_type=\"text-editor.default\">\n\t\t\t\t<div class=\"elementor-widget-container\">\n\t\t\t\t\t\t\t\t\t<ul><li><strong>Concedente:<\/strong> Consejer\u00eda de Industria, Empleo, Innovaci\u00f3n y Comercio del Gobierno de Cantabria<\/li><li><strong>Objetivo:<\/strong> Realizaci\u00f3n de actividades de animaci\u00f3n comercial<\/li><li><strong>Plazo de ejecuci\u00f3n:<\/strong> del 1 de julio de 2022 al 15 de julio de 2023<\/li><li><strong>Importe:<\/strong> 12.279 \u20ac (75% de la inversi\u00f3n realizada)<\/li><li>No se han recibido otras ayudas para la realizaci\u00f3n de esta actividad<\/li><\/ul>\t\t\t\t\t\t\t\t<\/div>\n\t\t\t\t<\/div>\n\t\t\t\t\t<\/div>\n\t\t<\/div>\n\t\t\t\t\t<\/div>\n\t\t<\/section>\n\t\t\t\t<section class=\"elementor-section elementor-top-section elementor-element elementor-element-853991b elementor-section-boxed elementor-section-height-default elementor-section-height-default\" data-id=\"853991b\" data-element_type=\"section\" data-e-type=\"section\">\n\t\t\t\t\t\t<div class=\"elementor-container elementor-column-gap-default\">\n\t\t\t\t\t<div class=\"elementor-column elementor-col-100 elementor-top-column elementor-element elementor-element-93cfe59\" data-id=\"93cfe59\" data-element_type=\"column\" data-e-type=\"column\">\n\t\t\t<div class=\"elementor-widget-wrap elementor-element-populated\">\n\t\t\t\t\t\t<div class=\"elementor-element elementor-element-2d088ff elementor-widget elementor-widget-text-editor\" data-id=\"2d088ff\" data-element_type=\"widget\" data-e-type=\"widget\" data-widget_type=\"text-editor.default\">\n\t\t\t\t<div class=\"elementor-widget-container\">\n\t\t\t\t\t\t\t\t\t<p><strong>Subvenciones a Asociaciones de Comerciantes y sus Federaciones y Confederaciones y Cooperativas de Detallistas, IND\/34\/2022, de 2 de junio<\/strong><\/p>\t\t\t\t\t\t\t\t<\/div>\n\t\t\t\t<\/div>\n\t\t\t\t\t<\/div>\n\t\t<\/div>\n\t\t\t\t\t<\/div>\n\t\t<\/section>\n\t\t\t\t<section class=\"elementor-section elementor-top-section elementor-element elementor-element-619aa1a elementor-section-boxed elementor-section-height-default elementor-section-height-default\" data-id=\"619aa1a\" data-element_type=\"section\" data-e-type=\"section\">\n\t\t\t\t\t\t<div class=\"elementor-container elementor-column-gap-default\">\n\t\t\t\t\t<div class=\"elementor-column elementor-col-100 elementor-top-column elementor-element elementor-element-60e5fb8\" data-id=\"60e5fb8\" data-element_type=\"column\" data-e-type=\"column\">\n\t\t\t<div class=\"elementor-widget-wrap elementor-element-populated\">\n\t\t\t\t\t\t<div class=\"elementor-element elementor-element-eaee30d elementor-widget elementor-widget-text-editor\" data-id=\"eaee30d\" data-element_type=\"widget\" data-e-type=\"widget\" data-widget_type=\"text-editor.default\">\n\t\t\t\t<div class=\"elementor-widget-container\">\n\t\t\t\t\t\t\t\t\t<ul><li><strong>Concedente:<\/strong> Consejer\u00eda de Industria, Turismo, Innovaci\u00f3n, Transporte y Comercio del Gobierno de Cantabria<\/li><li><strong>Objetivo:<\/strong> Realizaci\u00f3n de actividades de animaci\u00f3n comercial<\/li><li><strong>Plazo de ejecuci\u00f3n:<\/strong> del 1 de julio de 2021 al 30 de junio de 2022<\/li><li><strong>Importe:<\/strong> 15.000 \u20ac (75% de la inversi\u00f3n realizada)<\/li><li>No se han recibido otras ayudas para la realizaci\u00f3n de esta actividad<\/li><\/ul>\t\t\t\t\t\t\t\t<\/div>\n\t\t\t\t<\/div>\n\t\t\t\t\t<\/div>\n\t\t<\/div>\n\t\t\t\t\t<\/div>\n\t\t<\/section>\n\t\t\t\t<\/div>\n\t\t","protected":false},"excerpt":{"rendered":"<p>Transparencia Estructura Organizativa Documento de no remuneraci\u00f3n de cargos directivos (PDF) &#8211; Descarga Ayudas y subvenciones Subvenciones a Asociaciones de Comerciantes y sus Federaciones y Confederaciones y Cooperativas de Detallistas, IND\/52\/2024, de 27 de septiembre Concedente: Consejer\u00eda de Industria, Empleo, Innovaci\u00f3n y Comercio del Gobierno de Cantabria Objetivo: Realizaci\u00f3n de actividades de animaci\u00f3n comercial Plazo&hellip;&nbsp;<a href=\"https:\/\/comerciodetorrelavega.com\/?page_id=774\" rel=\"bookmark\">Leer m\u00e1s &raquo;<span class=\"screen-reader-text\">Transparencia<\/span><\/a><\/p>\n","protected":false},"author":1,"featured_media":0,"parent":0,"menu_order":0,"comment_status":"closed","ping_status":"closed","template":"page-templates\/template-pagebuilder-full-width.php","meta":{"neve_meta_sidebar":"full-width","neve_meta_container":"","neve_meta_enable_content_width":"on","neve_meta_content_width":100,"neve_meta_title_alignment":"","neve_meta_author_avatar":"","neve_post_elements_order":"","neve_meta_disable_header":"off","neve_meta_disable_footer":"","neve_meta_disable_title":"on","footnotes":""},"class_list":["post-774","page","type-page","status-publish","hentry"],"yoast_head":"<!-- This site is optimized with the Yoast SEO plugin v26.9 - https:\/\/yoast.com\/product\/yoast-seo-wordpress\/ -->\n<title>Transparencia - COMVEGA<\/title>\n<meta name=\"robots\" content=\"index, follow, max-snippet:-1, max-image-preview:large, max-video-preview:-1\" \/>\n<link rel=\"canonical\" href=\"https:\/\/comerciodetorrelavega.com\/?page_id=774\" \/>\n<meta property=\"og:locale\" content=\"es_ES\" \/>\n<meta property=\"og:type\" content=\"article\" \/>\n<meta property=\"og:title\" content=\"Transparencia - COMVEGA\" \/>\n<meta property=\"og:description\" content=\"Transparencia Estructura Organizativa Documento de no remuneraci\u00f3n de cargos directivos (PDF) &#8211; Descarga Ayudas y subvenciones Subvenciones a Asociaciones de Comerciantes y sus Federaciones y Confederaciones y Cooperativas de Detallistas, IND\/52\/2024, de 27 de septiembre Concedente: Consejer\u00eda de Industria, Empleo, Innovaci\u00f3n y Comercio del Gobierno de Cantabria Objetivo: Realizaci\u00f3n de actividades de animaci\u00f3n comercial Plazo&hellip;&nbsp;Leer m\u00e1s &raquo;Transparencia\" \/>\n<meta property=\"og:url\" content=\"https:\/\/comerciodetorrelavega.com\/?page_id=774\" \/>\n<meta property=\"og:site_name\" content=\"COMVEGA\" \/>\n<meta property=\"article:modified_time\" content=\"2025-01-07T18:28:00+00:00\" \/>\n<meta name=\"twitter:card\" content=\"summary_large_image\" \/>\n<meta name=\"twitter:label1\" content=\"Tiempo de lectura\" \/>\n\t<meta name=\"twitter:data1\" content=\"2 minutos\" \/>\n<script type=\"application\/ld+json\" class=\"yoast-schema-graph\">{\"@context\":\"https:\/\/schema.org\",\"@graph\":[{\"@type\":\"WebPage\",\"@id\":\"https:\/\/comerciodetorrelavega.com\/?page_id=774\",\"url\":\"https:\/\/comerciodetorrelavega.com\/?page_id=774\",\"name\":\"Transparencia - COMVEGA\",\"isPartOf\":{\"@id\":\"https:\/\/comerciodetorrelavega.com\/#website\"},\"datePublished\":\"2022-12-09T11:02:09+00:00\",\"dateModified\":\"2025-01-07T18:28:00+00:00\",\"breadcrumb\":{\"@id\":\"https:\/\/comerciodetorrelavega.com\/?page_id=774#breadcrumb\"},\"inLanguage\":\"es\",\"potentialAction\":[{\"@type\":\"ReadAction\",\"target\":[\"https:\/\/comerciodetorrelavega.com\/?page_id=774\"]}]},{\"@type\":\"BreadcrumbList\",\"@id\":\"https:\/\/comerciodetorrelavega.com\/?page_id=774#breadcrumb\",\"itemListElement\":[{\"@type\":\"ListItem\",\"position\":1,\"name\":\"Home\",\"item\":\"https:\/\/comerciodetorrelavega.com\/\"},{\"@type\":\"ListItem\",\"position\":2,\"name\":\"Transparencia\"}]},{\"@type\":\"WebSite\",\"@id\":\"https:\/\/comerciodetorrelavega.com\/#website\",\"url\":\"https:\/\/comerciodetorrelavega.com\/\",\"name\":\"COMVEGA\",\"description\":\"Asociaci\u00f3n de Comerciantes de Torrelavega\",\"publisher\":{\"@id\":\"https:\/\/comerciodetorrelavega.com\/#organization\"},\"potentialAction\":[{\"@type\":\"SearchAction\",\"target\":{\"@type\":\"EntryPoint\",\"urlTemplate\":\"https:\/\/comerciodetorrelavega.com\/?s={search_term_string}\"},\"query-input\":{\"@type\":\"PropertyValueSpecification\",\"valueRequired\":true,\"valueName\":\"search_term_string\"}}],\"inLanguage\":\"es\"},{\"@type\":\"Organization\",\"@id\":\"https:\/\/comerciodetorrelavega.com\/#organization\",\"name\":\"COMVEGA\",\"url\":\"https:\/\/comerciodetorrelavega.com\/\",\"logo\":{\"@type\":\"ImageObject\",\"inLanguage\":\"es\",\"@id\":\"https:\/\/comerciodetorrelavega.com\/#\/schema\/logo\/image\/\",\"url\":\"https:\/\/comerciodetorrelavega.com\/wp-content\/uploads\/2020\/05\/cropped-logoComvega.png\",\"contentUrl\":\"https:\/\/comerciodetorrelavega.com\/wp-content\/uploads\/2020\/05\/cropped-logoComvega.png\",\"width\":764,\"height\":512,\"caption\":\"COMVEGA\"},\"image\":{\"@id\":\"https:\/\/comerciodetorrelavega.com\/#\/schema\/logo\/image\/\"}}]}<\/script>\n<!-- \/ Yoast SEO plugin. -->","yoast_head_json":{"title":"Transparencia - COMVEGA","robots":{"index":"index","follow":"follow","max-snippet":"max-snippet:-1","max-image-preview":"max-image-preview:large","max-video-preview":"max-video-preview:-1"},"canonical":"https:\/\/comerciodetorrelavega.com\/?page_id=774","og_locale":"es_ES","og_type":"article","og_title":"Transparencia - COMVEGA","og_description":"Transparencia Estructura Organizativa Documento de no remuneraci\u00f3n de cargos directivos (PDF) &#8211; Descarga Ayudas y subvenciones Subvenciones a Asociaciones de Comerciantes y sus Federaciones y Confederaciones y Cooperativas de Detallistas, IND\/52\/2024, de 27 de septiembre Concedente: Consejer\u00eda de Industria, Empleo, Innovaci\u00f3n y Comercio del Gobierno de Cantabria Objetivo: Realizaci\u00f3n de actividades de animaci\u00f3n comercial Plazo&hellip;&nbsp;Leer m\u00e1s &raquo;Transparencia","og_url":"https:\/\/comerciodetorrelavega.com\/?page_id=774","og_site_name":"COMVEGA","article_modified_time":"2025-01-07T18:28:00+00:00","twitter_card":"summary_large_image","twitter_misc":{"Tiempo de lectura":"2 minutos"},"schema":{"@context":"https:\/\/schema.org","@graph":[{"@type":"WebPage","@id":"https:\/\/comerciodetorrelavega.com\/?page_id=774","url":"https:\/\/comerciodetorrelavega.com\/?page_id=774","name":"Transparencia - COMVEGA","isPartOf":{"@id":"https:\/\/comerciodetorrelavega.com\/#website"},"datePublished":"2022-12-09T11:02:09+00:00","dateModified":"2025-01-07T18:28:00+00:00","breadcrumb":{"@id":"https:\/\/comerciodetorrelavega.com\/?page_id=774#breadcrumb"},"inLanguage":"es","potentialAction":[{"@type":"ReadAction","target":["https:\/\/comerciodetorrelavega.com\/?page_id=774"]}]},{"@type":"BreadcrumbList","@id":"https:\/\/comerciodetorrelavega.com\/?page_id=774#breadcrumb","itemListElement":[{"@type":"ListItem","position":1,"name":"Home","item":"https:\/\/comerciodetorrelavega.com\/"},{"@type":"ListItem","position":2,"name":"Transparencia"}]},{"@type":"WebSite","@id":"https:\/\/comerciodetorrelavega.com\/#website","url":"https:\/\/comerciodetorrelavega.com\/","name":"COMVEGA","description":"Asociaci\u00f3n de Comerciantes de Torrelavega","publisher":{"@id":"https:\/\/comerciodetorrelavega.com\/#organization"},"potentialAction":[{"@type":"SearchAction","target":{"@type":"EntryPoint","urlTemplate":"https:\/\/comerciodetorrelavega.com\/?s={search_term_string}"},"query-input":{"@type":"PropertyValueSpecification","valueRequired":true,"valueName":"search_term_string"}}],"inLanguage":"es"},{"@type":"Organization","@id":"https:\/\/comerciodetorrelavega.com\/#organization","name":"COMVEGA","url":"https:\/\/comerciodetorrelavega.com\/","logo":{"@type":"ImageObject","inLanguage":"es","@id":"https:\/\/comerciodetorrelavega.com\/#\/schema\/logo\/image\/","url":"https:\/\/comerciodetorrelavega.com\/wp-content\/uploads\/2020\/05\/cropped-logoComvega.png","contentUrl":"https:\/\/comerciodetorrelavega.com\/wp-content\/uploads\/2020\/05\/cropped-logoComvega.png","width":764,"height":512,"caption":"COMVEGA"},"image":{"@id":"https:\/\/comerciodetorrelavega.com\/#\/schema\/logo\/image\/"}}]}},"jetpack_sharing_enabled":true,"_links":{"self":[{"href":"https:\/\/comerciodetorrelavega.com\/index.php?rest_route=\/wp\/v2\/pages\/774","targetHints":{"allow":["GET"]}}],"collection":[{"href":"https:\/\/comerciodetorrelavega.com\/index.php?rest_route=\/wp\/v2\/pages"}],"about":[{"href":"https:\/\/comerciodetorrelavega.com\/index.php?rest_route=\/wp\/v2\/types\/page"}],"author":[{"embeddable":true,"href":"https:\/\/comerciodetorrelavega.com\/index.php?rest_route=\/wp\/v2\/users\/1"}],"replies":[{"embeddable":true,"href":"https:\/\/comerciodetorrelavega.com\/index.php?rest_route=%2Fwp%2Fv2%2Fcomments&post=774"}],"version-history":[{"count":23,"href":"https:\/\/comerciodetorrelavega.com\/index.php?rest_route=\/wp\/v2\/pages\/774\/revisions"}],"predecessor-version":[{"id":1243,"href":"https:\/\/comerciodetorrelavega.com\/index.php?rest_route=\/wp\/v2\/pages\/774\/revisions\/1243"}],"wp:attachment":[{"href":"https:\/\/comerciodetorrelavega.com\/index.php?rest_route=%2Fwp%2Fv2%2Fmedia&parent=774"}],"curies":[{"name":"wp","href":"https:\/\/api.w.org\/{rel}","templated":true}]}}